{"id":595,"date":"2025-09-01T19:16:57","date_gmt":"2025-09-01T22:16:57","guid":{"rendered":"https:\/\/resplandecendonacoes.org\/?page_id=595"},"modified":"2025-09-01T19:21:18","modified_gmt":"2025-09-01T22:21:18","slug":"politica-de-privacidade-e-cookies","status":"publish","type":"page","link":"https:\/\/resplandecendonacoes.org\/fr\/politica-de-privacidade-e-cookies\/","title":{"rendered":"Politique de confidentialit\u00e9 et de cookies"},"content":{"rendered":"<div data-elementor-type=\"wp-page\" data-elementor-id=\"595\" class=\"elementor elementor-595\">\n\t\t\t\t\t\t\t\t\t<section class=\"elementor-section elementor-top-section elementor-element elementor-element-547f988 elementor-section-boxed elementor-section-height-default elementor-section-height-default\" data-id=\"547f988\" data-element_type=\"section\">\n\t\t\t\t\t\t<div class=\"elementor-container elementor-column-gap-default\">\n\t\t\t\t\t<div class=\"elementor-column elementor-col-100 elementor-top-column elementor-element elementor-element-89213bf\" data-id=\"89213bf\" data-element_type=\"column\">\n\t\t\t<div class=\"elementor-widget-wrap elementor-element-populated\">\n\t\t\t\t\t\t\t\t<div class=\"elementor-element elementor-element-c91b0e2 elementor-widget elementor-widget-heading\" data-id=\"c91b0e2\" data-element_type=\"widget\" data-widget_type=\"heading.default\">\n\t\t\t\t<div class=\"elementor-widget-container\">\n\t\t\t<style>\/*! elementor - v3.16.0 - 17-10-2023 *\/\n.elementor-heading-title{padding:0;margin:0;line-height:1}.elementor-widget-heading .elementor-heading-title[class*=elementor-size-]>a{color:inherit;font-size:inherit;line-height:inherit}.elementor-widget-heading .elementor-heading-title.elementor-size-small{font-size:15px}.elementor-widget-heading .elementor-heading-title.elementor-size-medium{font-size:19px}.elementor-widget-heading .elementor-heading-title.elementor-size-large{font-size:29px}.elementor-widget-heading .elementor-heading-title.elementor-size-xl{font-size:39px}.elementor-widget-heading .elementor-heading-title.elementor-size-xxl{font-size:59px}<\/style><h2 class=\"elementor-heading-title elementor-size-default\">Politique de confidentialit\u00e9 et de cookies<\/h2>\t\t<\/div>\n\t\t\t\t<\/div>\n\t\t\t\t<div class=\"elementor-element elementor-element-0ab6789 elementor-widget elementor-widget-heading\" data-id=\"0ab6789\" data-element_type=\"widget\" data-widget_type=\"heading.default\">\n\t\t\t\t<div class=\"elementor-widget-container\">\n\t\t\t<h2 class=\"elementor-heading-title elementor-size-default\">Port\u00e9e<\/h2>\t\t<\/div>\n\t\t\t\t<\/div>\n\t\t\t\t<div class=\"elementor-element elementor-element-9354eca elementor-widget elementor-widget-text-editor\" data-id=\"9354eca\" data-element_type=\"widget\" data-widget_type=\"text-editor.default\">\n\t\t\t\t<div class=\"elementor-widget-container\">\n\t\t\t<style>\/*! elementor - v3.16.0 - 17-10-2023 *\/\n.elementor-widget-text-editor.elementor-drop-cap-view-stacked .elementor-drop-cap{background-color:#69727d;color:#fff}.elementor-widget-text-editor.elementor-drop-cap-view-framed .elementor-drop-cap{color:#69727d;border:3px solid;background-color:transparent}.elementor-widget-text-editor:not(.elementor-drop-cap-view-default) .elementor-drop-cap{margin-top:8px}.elementor-widget-text-editor:not(.elementor-drop-cap-view-default) .elementor-drop-cap-letter{width:1em;height:1em}.elementor-widget-text-editor .elementor-drop-cap{float:left;text-align:center;line-height:1;font-size:50px}.elementor-widget-text-editor .elementor-drop-cap-letter{display:inline-block}<\/style>\t\t\t\t<p data-start=\"371\" data-end=\"587\">L' <strong data-start=\"373\" data-end=\"408\">Igreja Resplandecendo as Na\u00e7\u00f5es ORG<\/strong>, bas\u00e9e au Luxembourg, respecte votre vie priv\u00e9e et s'engage \u00e0 prot\u00e9ger vos donn\u00e9es personnelles conform\u00e9ment au <strong data-start=\"523\" data-end=\"586\">Regulamento Geral de Prote\u00e7\u00e3o de Dados (RGPD \u2013 UE 2016\/679)<\/strong>.<\/p><p data-start=\"589\" data-end=\"737\">Cette politique s'applique exclusivement au site Web <strong data-start=\"636\" data-end=\"666\">resplandecendoasnacoes.org<\/strong>\u00a0et ne s'\u00e9tend pas aux autres sites Web externes qui peuvent \u00eatre r\u00e9f\u00e9renc\u00e9s.<\/p>\t\t\t\t\t\t<\/div>\n\t\t\t\t<\/div>\n\t\t\t\t<div class=\"elementor-element elementor-element-598c2b8 elementor-widget elementor-widget-heading\" data-id=\"598c2b8\" data-element_type=\"widget\" data-widget_type=\"heading.default\">\n\t\t\t\t<div class=\"elementor-widget-container\">\n\t\t\t<h2 class=\"elementor-heading-title elementor-size-default\">Responsable du traitement des donn\u00e9es<\/h2>\t\t<\/div>\n\t\t\t\t<\/div>\n\t\t\t\t<div class=\"elementor-element elementor-element-6839394 elementor-widget elementor-widget-text-editor\" data-id=\"6839394\" data-element_type=\"widget\" data-widget_type=\"text-editor.default\">\n\t\t\t\t<div class=\"elementor-widget-container\">\n\t\t\t\t\t\t\t<p data-start=\"371\" data-end=\"587\"><strong data-start=\"793\" data-end=\"828\">Igreja Resplandecendo as Na\u00e7\u00f5es Org<\/strong><br data-start=\"874\" data-end=\"877\" \/>Courriel pour contact et demandes : info@resplandecendonacoes.org<\/p>\t\t\t\t\t\t<\/div>\n\t\t\t\t<\/div>\n\t\t\t\t<div class=\"elementor-element elementor-element-2a38043 elementor-widget elementor-widget-heading\" data-id=\"2a38043\" data-element_type=\"widget\" data-widget_type=\"heading.default\">\n\t\t\t\t<div class=\"elementor-widget-container\">\n\t\t\t<h2 class=\"elementor-heading-title elementor-size-default\">Collecte et traitement des donn\u00e9es personnelles<\/h2>\t\t<\/div>\n\t\t\t\t<\/div>\n\t\t\t\t<div class=\"elementor-element elementor-element-b01697e elementor-widget elementor-widget-text-editor\" data-id=\"b01697e\" data-element_type=\"widget\" data-widget_type=\"text-editor.default\">\n\t\t\t\t<div class=\"elementor-widget-container\">\n\t\t\t\t\t\t\t<p data-start=\"997\" data-end=\"1074\">Nous pouvons collecter les donn\u00e9es personnelles suivantes lorsque vous interagissez avec le site Web :<\/p><ul><li data-start=\"1077\" data-end=\"1234\">Informations saisies dans les formulaires de contact, d'inscription aux cours, de demandes de pri\u00e8re ou de contributions (nom, email, message, montant de l'offrande ou de la d\u00eeme).<\/li><li data-start=\"1237\" data-end=\"1341\">Donn\u00e9es techniques, telles que l'adresse IP, le type de navigateur, l'appareil et les pages visit\u00e9es (via les cookies).<\/li><\/ul><p data-start=\"1343\" data-end=\"1377\">Ces donn\u00e9es sont trait\u00e9es sur la base:<\/p><ul><li data-start=\"1380\" data-end=\"1442\">Avec votre <strong data-start=\"1387\" data-end=\"1404\">consentement<\/strong> (par exemple lors de la soumission de formulaires) ;<\/li><li data-start=\"1445\" data-end=\"1538\">Dans l\u2019 <strong data-start=\"1448\" data-end=\"1470\">int\u00e9r\u00eat l\u00e9gitime<\/strong> de l\u2019\u00c9glise de fournir ses services, de communiquer et de tenir des registres;<\/li><li data-start=\"1541\" data-end=\"1622\">En <strong data-start=\"1544\" data-end=\"1563\">obligation l\u00e9gale<\/strong> (lorsqu'elle s'applique \u00e0 la comptabilit\u00e9 ou au reporting).<\/li><\/ul>\t\t\t\t\t\t<\/div>\n\t\t\t\t<\/div>\n\t\t\t\t<div class=\"elementor-element elementor-element-4c8473a elementor-widget elementor-widget-heading\" data-id=\"4c8473a\" data-element_type=\"widget\" data-widget_type=\"heading.default\">\n\t\t\t\t<div class=\"elementor-widget-container\">\n\t\t\t<h2 class=\"elementor-heading-title elementor-size-default\">Finalit\u00e9s du traitement<\/h2>\t\t<\/div>\n\t\t\t\t<\/div>\n\t\t\t\t<div class=\"elementor-element elementor-element-c1f9b67 elementor-widget elementor-widget-text-editor\" data-id=\"c1f9b67\" data-element_type=\"widget\" data-widget_type=\"text-editor.default\">\n\t\t\t\t<div class=\"elementor-widget-container\">\n\t\t\t\t\t\t\t<p data-start=\"1666\" data-end=\"1701\">Nous utilisons les donn\u00e9es collect\u00e9es pour:<\/p><ul><li data-start=\"1704\" data-end=\"1787\">R\u00e9pondre \u00e0 vos questions ou demandes (contact, inscription, pri\u00e8re, contributions);<\/li><li data-start=\"1790\" data-end=\"1878\">Envoyer des communications sur les \u00e9v\u00e9nements, les cours, les services et les activit\u00e9s de l\u2019\u00c9glise (lorsque cela est autoris\u00e9);<\/li><li data-start=\"1881\" data-end=\"1978\">G\u00e9rer les contributions financi\u00e8res, telles que les d\u00eemes et les dons, en respectant les exigences l\u00e9gales et comptables;<\/li><li data-start=\"1981\" data-end=\"2037\">Am\u00e9liorer l\u2019exp\u00e9rience du site Web et personnaliser le contenu;<\/li><li data-start=\"2040\" data-end=\"2094\">Se conformer aux obligations l\u00e9gales et r\u00e9glementaires applicables.<\/li><\/ul>\t\t\t\t\t\t<\/div>\n\t\t\t\t<\/div>\n\t\t\t\t<div class=\"elementor-element elementor-element-f7b3a2f elementor-widget elementor-widget-heading\" data-id=\"f7b3a2f\" data-element_type=\"widget\" data-widget_type=\"heading.default\">\n\t\t\t\t<div class=\"elementor-widget-container\">\n\t\t\t<h2 class=\"elementor-heading-title elementor-size-default\">Conservation des donn\u00e9es<\/h2>\t\t<\/div>\n\t\t\t\t<\/div>\n\t\t\t\t<div class=\"elementor-element elementor-element-c45413e elementor-widget elementor-widget-text-editor\" data-id=\"c45413e\" data-element_type=\"widget\" data-widget_type=\"text-editor.default\">\n\t\t\t\t<div class=\"elementor-widget-container\">\n\t\t\t\t\t\t\t<p data-start=\"1666\" data-end=\"1701\">Vos donn\u00e9es ne seront conserv\u00e9es que pendant la dur\u00e9e n\u00e9cessaire \u00e0 la finalit\u00e9 pour laquelle elles ont \u00e9t\u00e9 collect\u00e9es ou comme l'exige la loi (par exemple dans le cas des registres comptables).<\/p>\t\t\t\t\t\t<\/div>\n\t\t\t\t<\/div>\n\t\t\t\t<div class=\"elementor-element elementor-element-e7a8e3a elementor-widget elementor-widget-heading\" data-id=\"e7a8e3a\" data-element_type=\"widget\" data-widget_type=\"heading.default\">\n\t\t\t\t<div class=\"elementor-widget-container\">\n\t\t\t<h2 class=\"elementor-heading-title elementor-size-default\">Vos droits en vertu du RGPD<\/h2>\t\t<\/div>\n\t\t\t\t<\/div>\n\t\t\t\t<div class=\"elementor-element elementor-element-3fd2083 elementor-widget elementor-widget-text-editor\" data-id=\"3fd2083\" data-element_type=\"widget\" data-widget_type=\"text-editor.default\">\n\t\t\t\t<div class=\"elementor-widget-container\">\n\t\t\t\t\t\t\t<p data-start=\"2351\" data-end=\"2375\">Vous avez les droits de:<\/p><ul><li data-start=\"2378\" data-end=\"2400\">Acc\u00e8s \u00e0 vos donn\u00e9es;<\/li><li data-start=\"2403\" data-end=\"2432\">Correction de donn\u00e9es incorrectes;<\/li><li data-start=\"2435\" data-end=\"2485\">Demander la suppression ou la limitation du traitement;<\/li><li data-start=\"2488\" data-end=\"2579\">Retirer son consentement \u00e0 tout moment, sans affecter la l\u00e9galit\u00e9 du traitement ant\u00e9rieur;<\/li><li data-start=\"2582\" data-end=\"2621\">Demandez la portabilit\u00e9 de vos donn\u00e9es.<\/li><\/ul><p data-start=\"2623\" data-end=\"2701\">Pour exercer vos droits, veuillez envoyer un e-mail \u00e0 : info@resplandecendonacoes.org<\/p>\t\t\t\t\t\t<\/div>\n\t\t\t\t<\/div>\n\t\t\t\t<div class=\"elementor-element elementor-element-a00a8cf elementor-widget elementor-widget-heading\" data-id=\"a00a8cf\" data-element_type=\"widget\" data-widget_type=\"heading.default\">\n\t\t\t\t<div class=\"elementor-widget-container\">\n\t\t\t<h2 class=\"elementor-heading-title elementor-size-default\">S\u00e9curit\u00e9 et confidentialit\u00e9<\/h2>\t\t<\/div>\n\t\t\t\t<\/div>\n\t\t\t\t<div class=\"elementor-element elementor-element-3d1f7b4 elementor-widget elementor-widget-text-editor\" data-id=\"3d1f7b4\" data-element_type=\"widget\" data-widget_type=\"text-editor.default\">\n\t\t\t\t<div class=\"elementor-widget-container\">\n\t\t\t\t\t\t\t<p data-start=\"2351\" data-end=\"2375\">Nous appliquons des mesures techniques et organisationnelles pour prot\u00e9ger vos donn\u00e9es contre tout acc\u00e8s non autoris\u00e9, perte, alt\u00e9ration ou utilisation abusive.<br data-start=\"2880\" data-end=\"2883\" \/>Cependant, nous comprenons qu'aucune transmission sur Internet n'est totalement s\u00e9curis\u00e9e et ne pouvons donc pas garantir une s\u00e9curit\u00e9 \u00e0 100 %.<\/p>\t\t\t\t\t\t<\/div>\n\t\t\t\t<\/div>\n\t\t\t\t<div class=\"elementor-element elementor-element-2251a17 elementor-widget elementor-widget-heading\" data-id=\"2251a17\" data-element_type=\"widget\" data-widget_type=\"heading.default\">\n\t\t\t\t<div class=\"elementor-widget-container\">\n\t\t\t<h2 class=\"elementor-heading-title elementor-size-default\">Politique relative aux cookies<\/h2>\t\t<\/div>\n\t\t\t\t<\/div>\n\t\t\t\t<div class=\"elementor-element elementor-element-5e702c8 elementor-widget elementor-widget-text-editor\" data-id=\"5e702c8\" data-element_type=\"widget\" data-widget_type=\"text-editor.default\">\n\t\t\t\t<div class=\"elementor-widget-container\">\n\t\t\t\t\t\t\t<p data-start=\"3046\" data-end=\"3070\">Nous utilisons des cookies pour:<\/p><ul><li data-start=\"3073\" data-end=\"3107\">Assurer le fonctionnement du site Web;<\/li><li data-start=\"3110\" data-end=\"3153\">Analyser le trafic et am\u00e9liorer les performances;<\/li><li data-start=\"3156\" data-end=\"3192\">Personnalisez le contenu et les interactions.<\/li><\/ul><p data-start=\"3194\" data-end=\"3211\">Types de cookies:<\/p><ul><li data-start=\"3214\" data-end=\"3278\"><strong data-start=\"3214\" data-end=\"3229\">Essentiel:<\/strong> n\u00e9cessaire au fonctionnement de base du site Web;<\/li><li data-start=\"3281\" data-end=\"3355\"><strong data-start=\"3281\" data-end=\"3296\">Analytique:<\/strong> pour comprendre comment le site Web est utilis\u00e9 (par exemple, Google Analytics);<\/li><li data-start=\"3358\" data-end=\"3417\"><strong data-start=\"3358\" data-end=\"3372\">Fonctionnel<\/strong> (le cas \u00e9ch\u00e9ant) : conserver les pr\u00e9f\u00e9rences de l'utilisateur.<\/li><\/ul><p data-start=\"3419\" data-end=\"3507\">Vous serez inform\u00e9 de l'utilisation des cookies lors de votre premi\u00e8re visite sur le site et vous pourrez:<\/p><ul><li data-start=\"3510\" data-end=\"3535\">Accepter tous les cookies;<\/li><li data-start=\"3538\" data-end=\"3569\">Refuser les cookies non essentiels;<\/li><li data-start=\"3572\" data-end=\"3652\">G\u00e9rez vos pr\u00e9f\u00e9rences directement dans la banni\u00e8re ou dans les param\u00e8tres de votre navigateur.<\/li><\/ul>\t\t\t\t\t\t<\/div>\n\t\t\t\t<\/div>\n\t\t\t\t<div class=\"elementor-element elementor-element-93a4e9d elementor-widget elementor-widget-heading\" data-id=\"93a4e9d\" data-element_type=\"widget\" data-widget_type=\"heading.default\">\n\t\t\t\t<div class=\"elementor-widget-container\">\n\t\t\t<h2 class=\"elementor-heading-title elementor-size-default\">Politique relative aux cookies<\/h2>\t\t<\/div>\n\t\t\t\t<\/div>\n\t\t\t\t<div class=\"elementor-element elementor-element-792a396 elementor-widget elementor-widget-text-editor\" data-id=\"792a396\" data-element_type=\"widget\" data-widget_type=\"text-editor.default\">\n\t\t\t\t<div class=\"elementor-widget-container\">\n\t\t\t\t\t\t\t<p data-start=\"3046\" data-end=\"3070\">Nous pouvons utiliser des services tiers (tels que des fournisseurs de messagerie, des outils d'analyse ou des plateformes de paiement), qui peuvent \u00e9galement utiliser des cookies. Nous vous recommandons de consulter les politiques de confidentialit\u00e9 de ces services.<\/p>\t\t\t\t\t\t<\/div>\n\t\t\t\t<\/div>\n\t\t\t\t<div class=\"elementor-element elementor-element-195d99e elementor-widget elementor-widget-heading\" data-id=\"195d99e\" data-element_type=\"widget\" data-widget_type=\"heading.default\">\n\t\t\t\t<div class=\"elementor-widget-container\">\n\t\t\t<h2 class=\"elementor-heading-title elementor-size-default\">Modifications de cette politique<\/h2>\t\t<\/div>\n\t\t\t\t<\/div>\n\t\t\t\t<div class=\"elementor-element elementor-element-a65c298 elementor-widget elementor-widget-text-editor\" data-id=\"a65c298\" data-element_type=\"widget\" data-widget_type=\"text-editor.default\">\n\t\t\t\t<div class=\"elementor-widget-container\">\n\t\t\t\t\t\t\t<p data-start=\"3046\" data-end=\"3070\">Nous pouvons mettre \u00e0 jour cette politique \u00e0 tout moment. Les modifications seront publi\u00e9es sur le site web et entreront en vigueur imm\u00e9diatement.<br \/><strong data-start=\"4107\" data-end=\"4130\">Derni\u00e8re mise \u00e0 jour:<\/strong> Luxembourg, 1er septembre 2025.<\/p>\t\t\t\t\t\t<\/div>\n\t\t\t\t<\/div>\n\t\t\t\t\t<\/div>\n\t\t<\/div>\n\t\t\t\t\t\t\t<\/div>\n\t\t<\/section>\n\t\t\t\t\t\t\t<\/div>","protected":false},"excerpt":{"rendered":"<p>Pol\u00edtica de Privacidade e Cookies \u00c2mbito A Igreja Resplandecendo as Na\u00e7\u00f5es ORG, sediada em Luxemburgo, respeita sua privacidade e dedica-se a proteger seus dados pessoais em conformidade com o Regulamento Geral de Prote\u00e7\u00e3o de Dados (RGPD \u2013 UE 2016\/679). Esta pol\u00edtica aplica-se exclusivamente ao site resplandecendoasnacoes.org\u00a0e n\u00e3o se estende a outros sites externos que possam &hellip;<\/p>\n<p class=\"read-more\"> <a class=\"\" href=\"https:\/\/resplandecendonacoes.org\/fr\/politica-de-privacidade-e-cookies\/\"> <span class=\"screen-reader-text\">Politique de confidentialit\u00e9 et de cookies<\/span> Lire la suite\u00a0\u00bb<\/a><\/p>","protected":false},"author":1,"featured_media":0,"parent":0,"menu_order":0,"comment_status":"closed","ping_status":"closed","template":"","meta":{"site-sidebar-layout":"no-sidebar","site-content-layout":"page-builder","ast-site-content-layout":"full-width-container","site-content-style":"default","site-sidebar-style":"default","ast-global-header-display":"","ast-banner-title-visibility":"","ast-main-header-display":"","ast-hfb-above-header-display":"","ast-hfb-below-header-display":"","ast-hfb-mobile-header-display":"","site-post-title":"disabled","ast-breadcrumbs-content":"","ast-featured-img":"disabled","footer-sml-layout":"","theme-transparent-header-meta":"","adv-header-id-meta":"","stick-header-meta":"","header-above-stick-meta":"","header-main-stick-meta":"","header-below-stick-meta":"","astra-migrate-meta-layouts":"set","footnotes":""},"_links":{"self":[{"href":"https:\/\/resplandecendonacoes.org\/fr\/wp-json\/wp\/v2\/pages\/595"}],"collection":[{"href":"https:\/\/resplandecendonacoes.org\/fr\/wp-json\/wp\/v2\/pages"}],"about":[{"href":"https:\/\/resplandecendonacoes.org\/fr\/wp-json\/wp\/v2\/types\/page"}],"author":[{"embeddable":true,"href":"https:\/\/resplandecendonacoes.org\/fr\/wp-json\/wp\/v2\/users\/1"}],"replies":[{"embeddable":true,"href":"https:\/\/resplandecendonacoes.org\/fr\/wp-json\/wp\/v2\/comments?post=595"}],"version-history":[{"count":16,"href":"https:\/\/resplandecendonacoes.org\/fr\/wp-json\/wp\/v2\/pages\/595\/revisions"}],"predecessor-version":[{"id":611,"href":"https:\/\/resplandecendonacoes.org\/fr\/wp-json\/wp\/v2\/pages\/595\/revisions\/611"}],"wp:attachment":[{"href":"https:\/\/resplandecendonacoes.org\/fr\/wp-json\/wp\/v2\/media?parent=595"}],"curies":[{"name":"wp","href":"https:\/\/api.w.org\/{rel}","templated":true}]}}